{"id":27421,"date":"2020-07-14T05:51:48","date_gmt":"2020-07-13T19:51:48","guid":{"rendered":"https:\/\/qurban.com\/qurban2023\/"},"modified":"2020-07-14T05:51:48","modified_gmt":"2020-07-13T19:51:48","slug":"qurban2023","status":"publish","type":"page","link":"https:\/\/qurban.com\/tr\/qurban2023\/","title":{"rendered":"Qurban2023"},"content":{"rendered":"","protected":false},"excerpt":{"rendered":"","protected":false},"author":1,"featured_media":27502,"parent":0,"menu_order":0,"comment_status":"closed","ping_status":"closed","template":"","meta":{"footnotes":""},"class_list":["post-27421","page","type-page","status-publish","has-post-thumbnail","hentry","description-off"],"yoast_head":"<!-- This site is optimized with the Yoast SEO plugin v27.4 - https:\/\/yoast.com\/product\/yoast-seo-wordpress\/ -->\n<title>Qurban2023 - Qurban.com<\/title>\n<meta name=\"description\" content=\"Kurban, Kurban Bayram\u0131 g\u00fcnlerinde bir ibadet olarak kesilir ve b\u00f6ylece Allah&#039;a yakla\u015fmak ama\u00e7lan\u0131r.\" \/>\n<meta name=\"robots\" content=\"index, follow, max-snippet:-1, max-image-preview:large, max-video-preview:-1\" \/>\n<link rel=\"canonical\" href=\"https:\/\/qurban.com\/tr\/qurban2023\/\" \/>\n<meta property=\"og:locale\" content=\"tr_TR\" \/>\n<meta property=\"og:type\" content=\"article\" \/>\n<meta property=\"og:title\" content=\"Qurban2023 - Qurban.com\" \/>\n<meta property=\"og:description\" content=\"Kurban, Kurban Bayram\u0131 g\u00fcnlerinde bir ibadet olarak kesilir ve b\u00f6ylece Allah&#039;a yakla\u015fmak ama\u00e7lan\u0131r.\" \/>\n<meta property=\"og:url\" content=\"https:\/\/qurban.com\/tr\/qurban2023\/\" \/>\n<meta property=\"og:site_name\" content=\"Qurban.com\" \/>\n<meta property=\"article:publisher\" content=\"https:\/\/www.facebook.com\/humanappeal\/\" \/>\n<meta property=\"og:image\" content=\"https:\/\/qurban.com\/wp-content\/uploads\/2021\/06\/Qurbani-2021.jpg\" \/>\n\t<meta property=\"og:image:width\" content=\"1920\" \/>\n\t<meta property=\"og:image:height\" content=\"970\" \/>\n\t<meta property=\"og:image:type\" content=\"image\/jpeg\" \/>\n<meta name=\"twitter:card\" content=\"summary_large_image\" \/>\n<meta name=\"twitter:site\" content=\"@humanappealaus\" \/>\n<script type=\"application\/ld+json\" class=\"yoast-schema-graph\">{\"@context\":\"https:\\\/\\\/schema.org\",\"@graph\":[{\"@type\":\"WebPage\",\"@id\":\"https:\\\/\\\/qurban.com\\\/tr\\\/qurban2023\\\/\",\"url\":\"https:\\\/\\\/qurban.com\\\/tr\\\/qurban2023\\\/\",\"name\":\"Qurban2023 - Qurban.com\",\"isPartOf\":{\"@id\":\"https:\\\/\\\/qurban.com\\\/tr\\\/#website\"},\"primaryImageOfPage\":{\"@id\":\"https:\\\/\\\/qurban.com\\\/tr\\\/qurban2023\\\/#primaryimage\"},\"image\":{\"@id\":\"https:\\\/\\\/qurban.com\\\/tr\\\/qurban2023\\\/#primaryimage\"},\"thumbnailUrl\":\"https:\\\/\\\/qurban.com\\\/wp-content\\\/uploads\\\/2021\\\/06\\\/Qurbani-2021.jpg\",\"datePublished\":\"2020-07-13T19:51:48+00:00\",\"description\":\"Kurban, Kurban Bayram\u0131 g\u00fcnlerinde bir ibadet olarak kesilir ve b\u00f6ylece Allah'a yakla\u015fmak ama\u00e7lan\u0131r.\",\"breadcrumb\":{\"@id\":\"https:\\\/\\\/qurban.com\\\/tr\\\/qurban2023\\\/#breadcrumb\"},\"inLanguage\":\"tr\",\"potentialAction\":[{\"@type\":\"ReadAction\",\"target\":[\"https:\\\/\\\/qurban.com\\\/tr\\\/qurban2023\\\/\"]}]},{\"@type\":\"ImageObject\",\"inLanguage\":\"tr\",\"@id\":\"https:\\\/\\\/qurban.com\\\/tr\\\/qurban2023\\\/#primaryimage\",\"url\":\"https:\\\/\\\/qurban.com\\\/wp-content\\\/uploads\\\/2021\\\/06\\\/Qurbani-2021.jpg\",\"contentUrl\":\"https:\\\/\\\/qurban.com\\\/wp-content\\\/uploads\\\/2021\\\/06\\\/Qurbani-2021.jpg\",\"width\":1920,\"height\":970},{\"@type\":\"BreadcrumbList\",\"@id\":\"https:\\\/\\\/qurban.com\\\/tr\\\/qurban2023\\\/#breadcrumb\",\"itemListElement\":[{\"@type\":\"ListItem\",\"position\":1,\"name\":\"Home\",\"item\":\"https:\\\/\\\/qurban.com\\\/tr\\\/\"},{\"@type\":\"ListItem\",\"position\":2,\"name\":\"Qurban2023\"}]},{\"@type\":\"WebSite\",\"@id\":\"https:\\\/\\\/qurban.com\\\/tr\\\/#website\",\"url\":\"https:\\\/\\\/qurban.com\\\/tr\\\/\",\"name\":\"Qurban.com\",\"description\":\"Qurban.com\",\"publisher\":{\"@id\":\"https:\\\/\\\/qurban.com\\\/tr\\\/#organization\"},\"potentialAction\":[{\"@type\":\"SearchAction\",\"target\":{\"@type\":\"EntryPoint\",\"urlTemplate\":\"https:\\\/\\\/qurban.com\\\/tr\\\/?s={search_term_string}\"},\"query-input\":{\"@type\":\"PropertyValueSpecification\",\"valueRequired\":true,\"valueName\":\"search_term_string\"}}],\"inLanguage\":\"tr\"},{\"@type\":\"Organization\",\"@id\":\"https:\\\/\\\/qurban.com\\\/tr\\\/#organization\",\"name\":\"Qurban.com\",\"url\":\"https:\\\/\\\/qurban.com\\\/tr\\\/\",\"logo\":{\"@type\":\"ImageObject\",\"inLanguage\":\"tr\",\"@id\":\"https:\\\/\\\/qurban.com\\\/tr\\\/#\\\/schema\\\/logo\\\/image\\\/\",\"url\":\"https:\\\/\\\/qurban.com\\\/wp-content\\\/uploads\\\/2017\\\/06\\\/cropped-QurbanCom_Logo_01.jpg\",\"contentUrl\":\"https:\\\/\\\/qurban.com\\\/wp-content\\\/uploads\\\/2017\\\/06\\\/cropped-QurbanCom_Logo_01.jpg\",\"width\":359,\"height\":77,\"caption\":\"Qurban.com\"},\"image\":{\"@id\":\"https:\\\/\\\/qurban.com\\\/tr\\\/#\\\/schema\\\/logo\\\/image\\\/\"},\"sameAs\":[\"https:\\\/\\\/www.facebook.com\\\/humanappeal\\\/\",\"https:\\\/\\\/x.com\\\/humanappealaus\",\"https:\\\/\\\/www.youtube.com\\\/user\\\/HumanAppealAust\",\"https:\\\/\\\/www.instagram.com\\\/humanappealaus\\\/\"]}]}<\/script>\n<!-- \/ Yoast SEO plugin. -->","yoast_head_json":{"title":"Qurban2023 - Qurban.com","description":"Kurban, Kurban Bayram\u0131 g\u00fcnlerinde bir ibadet olarak kesilir ve b\u00f6ylece Allah'a yakla\u015fmak ama\u00e7lan\u0131r.","robots":{"index":"index","follow":"follow","max-snippet":"max-snippet:-1","max-image-preview":"max-image-preview:large","max-video-preview":"max-video-preview:-1"},"canonical":"https:\/\/qurban.com\/tr\/qurban2023\/","og_locale":"tr_TR","og_type":"article","og_title":"Qurban2023 - Qurban.com","og_description":"Kurban, Kurban Bayram\u0131 g\u00fcnlerinde bir ibadet olarak kesilir ve b\u00f6ylece Allah'a yakla\u015fmak ama\u00e7lan\u0131r.","og_url":"https:\/\/qurban.com\/tr\/qurban2023\/","og_site_name":"Qurban.com","article_publisher":"https:\/\/www.facebook.com\/humanappeal\/","og_image":[{"width":1920,"height":970,"url":"https:\/\/qurban.com\/wp-content\/uploads\/2021\/06\/Qurbani-2021.jpg","type":"image\/jpeg"}],"twitter_card":"summary_large_image","twitter_site":"@humanappealaus","schema":{"@context":"https:\/\/schema.org","@graph":[{"@type":"WebPage","@id":"https:\/\/qurban.com\/tr\/qurban2023\/","url":"https:\/\/qurban.com\/tr\/qurban2023\/","name":"Qurban2023 - Qurban.com","isPartOf":{"@id":"https:\/\/qurban.com\/tr\/#website"},"primaryImageOfPage":{"@id":"https:\/\/qurban.com\/tr\/qurban2023\/#primaryimage"},"image":{"@id":"https:\/\/qurban.com\/tr\/qurban2023\/#primaryimage"},"thumbnailUrl":"https:\/\/qurban.com\/wp-content\/uploads\/2021\/06\/Qurbani-2021.jpg","datePublished":"2020-07-13T19:51:48+00:00","description":"Kurban, Kurban Bayram\u0131 g\u00fcnlerinde bir ibadet olarak kesilir ve b\u00f6ylece Allah'a yakla\u015fmak ama\u00e7lan\u0131r.","breadcrumb":{"@id":"https:\/\/qurban.com\/tr\/qurban2023\/#breadcrumb"},"inLanguage":"tr","potentialAction":[{"@type":"ReadAction","target":["https:\/\/qurban.com\/tr\/qurban2023\/"]}]},{"@type":"ImageObject","inLanguage":"tr","@id":"https:\/\/qurban.com\/tr\/qurban2023\/#primaryimage","url":"https:\/\/qurban.com\/wp-content\/uploads\/2021\/06\/Qurbani-2021.jpg","contentUrl":"https:\/\/qurban.com\/wp-content\/uploads\/2021\/06\/Qurbani-2021.jpg","width":1920,"height":970},{"@type":"BreadcrumbList","@id":"https:\/\/qurban.com\/tr\/qurban2023\/#breadcrumb","itemListElement":[{"@type":"ListItem","position":1,"name":"Home","item":"https:\/\/qurban.com\/tr\/"},{"@type":"ListItem","position":2,"name":"Qurban2023"}]},{"@type":"WebSite","@id":"https:\/\/qurban.com\/tr\/#website","url":"https:\/\/qurban.com\/tr\/","name":"Qurban.com","description":"Qurban.com","publisher":{"@id":"https:\/\/qurban.com\/tr\/#organization"},"potentialAction":[{"@type":"SearchAction","target":{"@type":"EntryPoint","urlTemplate":"https:\/\/qurban.com\/tr\/?s={search_term_string}"},"query-input":{"@type":"PropertyValueSpecification","valueRequired":true,"valueName":"search_term_string"}}],"inLanguage":"tr"},{"@type":"Organization","@id":"https:\/\/qurban.com\/tr\/#organization","name":"Qurban.com","url":"https:\/\/qurban.com\/tr\/","logo":{"@type":"ImageObject","inLanguage":"tr","@id":"https:\/\/qurban.com\/tr\/#\/schema\/logo\/image\/","url":"https:\/\/qurban.com\/wp-content\/uploads\/2017\/06\/cropped-QurbanCom_Logo_01.jpg","contentUrl":"https:\/\/qurban.com\/wp-content\/uploads\/2017\/06\/cropped-QurbanCom_Logo_01.jpg","width":359,"height":77,"caption":"Qurban.com"},"image":{"@id":"https:\/\/qurban.com\/tr\/#\/schema\/logo\/image\/"},"sameAs":["https:\/\/www.facebook.com\/humanappeal\/","https:\/\/x.com\/humanappealaus","https:\/\/www.youtube.com\/user\/HumanAppealAust","https:\/\/www.instagram.com\/humanappealaus\/"]}]}},"featured_image_src":"https:\/\/qurban.com\/wp-content\/uploads\/2021\/06\/Qurbani-2021.jpg","featured_image_src_square":"https:\/\/qurban.com\/wp-content\/uploads\/2021\/06\/Qurbani-2021.jpg","_links":{"self":[{"href":"https:\/\/qurban.com\/tr\/wp-json\/wp\/v2\/pages\/27421","targetHints":{"allow":["GET"]}}],"collection":[{"href":"https:\/\/qurban.com\/tr\/wp-json\/wp\/v2\/pages"}],"about":[{"href":"https:\/\/qurban.com\/tr\/wp-json\/wp\/v2\/types\/page"}],"author":[{"embeddable":true,"href":"https:\/\/qurban.com\/tr\/wp-json\/wp\/v2\/users\/1"}],"replies":[{"embeddable":true,"href":"https:\/\/qurban.com\/tr\/wp-json\/wp\/v2\/comments?post=27421"}],"version-history":[{"count":0,"href":"https:\/\/qurban.com\/tr\/wp-json\/wp\/v2\/pages\/27421\/revisions"}],"wp:featuredmedia":[{"embeddable":true,"href":"https:\/\/qurban.com\/tr\/wp-json\/wp\/v2\/media\/27502"}],"wp:attachment":[{"href":"https:\/\/qurban.com\/tr\/wp-json\/wp\/v2\/media?parent=27421"}],"curies":[{"name":"wp","href":"https:\/\/api.w.org\/{rel}","templated":true}]}}